{"id":216,"date":"2017-05-19T22:21:02","date_gmt":"2017-05-19T20:21:02","guid":{"rendered":"http:\/\/2017.lv15.de\/?page_id=216"},"modified":"2026-04-26T11:56:15","modified_gmt":"2026-04-26T09:56:15","slug":"kassel","status":"publish","type":"page","link":"http:\/\/2017.lv15.de\/?page_id=216","title":{"rendered":"Kassel"},"content":{"rendered":"<p style=\"text-align: center;\"><img loading=\"lazy\" class=\"alignnone wp-image-169 size-full\" src=\"http:\/\/2017.lv15.de\/wp-content\/uploads\/2017\/05\/birds.gif\" alt=\"\" width=\"582\" height=\"47\" \/><\/p>\n<p><strong><span style=\"color: #0000ff;\">Vereinsname<\/span><\/strong><b>:<\/b><br \/>\nVogelzuchtverein &#8222;Kanaria 1882&#8220; Kassel und Umgebung e. V.<\/p>\n<p><span style=\"color: #0000ff;\"><strong>Mitgliedsnummer im Landesverband<\/strong><b>:<\/b><\/span><br \/>\n01<\/p>\n<p><strong><span style=\"color: #0000ff;\">Vereinslokal<\/span><\/strong><b>:<\/b>Hotel Stadt Baunatal, Wilhelmsh\u00f6herstr.5, 34225 Baunatal-Altenritte<\/p>\n<p><strong><span style=\"color: #0000ff;\">Ansprechpartner<\/span>:<\/strong><br \/>\nVolker Mihr<br \/>\nJahnstr. 18<br \/>\n34270 Schauenburg<br \/>\nTel. 05601 \/ 3925<\/p>\n<p>Tel. 0178-7831477<br \/>\nEmail: volker.mihr[at]web.de<\/p>\n<p><strong><span style=\"color: #0000ff;\">Versammlungstermin<\/span><\/strong><b>: <\/b>Wird auf Homepage ver\u00f6ffentlicht<\/p>\n<p><strong><span style=\"color: #0000ff;\">Zuchtrichtungen<\/span><\/strong><b>:<\/b><\/p>\n<ul>\n<li>Gesangs-, Farben- und Positurkanarien<\/li>\n<li>Mischlinge<\/li>\n<li>Cardeuliden<\/li>\n<li>Gro\u00dfsittiche<\/li>\n<li>Wellensittiche<\/li>\n<li>Europ\u00e4er<\/li>\n<\/ul>\n<p><span style=\"color: #0000ff;\"><strong>Vogelschutz<\/strong><b>:<\/b><\/span><br \/>\nnein<\/p>\n<p><b><span style=\"color: #0000ff;\">Webseite<\/span>:<\/b><br \/>\nsiehe: <a href=\"http:\/\/www.kanaria1882-kassel.de\/\" target=\"_blank\" rel=\"noopener noreferrer\">http:\/\/www.kanaria1882-kassel.de<\/a><\/p>\n<p><strong><span style=\"color: #0000ff;\">Beitrittserkl\u00e4rung: <a href=\"http:\/\/2017.lv15.de\/wp-content\/uploads\/2020\/06\/Beitrittserkl\u00e4rung.pdf\">Beitrittserkl\u00e4rung<\/a><\/span><\/strong><\/p>\n<p><span style=\"color: #0000ff;\"><strong>Sonstige Informationen<\/strong><\/span><b>:<\/b><\/p>\n<div class=\"separator\">Unser Verein richtet immer im November eine Gro\u00dfe Vogelb\u00f6rse (w\u00e4hrend der AZ Bundesschau) aus. N\u00e4here Angaben und Infos finden Sie auf unserer Homepage: www.kanaria1882-kassel.de sowie im Vogelfreund und der AZ Vogelinfo<\/div>\n","protected":false},"excerpt":{"rendered":"<p>Vereinsname: Vogelzuchtverein &#8222;Kanaria 1882&#8220; Kassel und Umgebung e. V. Mitgliedsnummer im Landesverband: 01 Vereinslokal:Hotel Stadt Baunatal, Wilhelmsh\u00f6herstr.5, 34225 Baunatal-Altenritte Ansprechpartner: Volker Mihr Jahnstr. 18 34270 Schauenburg Tel. 05601 \/ 3925 Tel. 0178-7831477 Email: volker.mihr[at]web.de Versammlungstermin: Wird auf Homepage ver\u00f6ffentlicht Zuchtrichtungen: Gesangs-, Farben- und Positurkanarien Mischlinge Cardeuliden Gro\u00dfsittiche Wellensittiche Europ\u00e4er Vogelschutz: nein Webseite: siehe: http:\/\/www.kanaria1882-kassel.de Beitrittserkl\u00e4rung: Beitrittserkl\u00e4rung Sonstige Informationen: Unser Verein<\/p>\n","protected":false},"author":3,"featured_media":0,"parent":129,"menu_order":1,"comment_status":"closed","ping_status":"closed","template":"","meta":[],"_links":{"self":[{"href":"http:\/\/2017.lv15.de\/index.php?rest_route=\/wp\/v2\/pages\/216"}],"collection":[{"href":"http:\/\/2017.lv15.de\/index.php?rest_route=\/wp\/v2\/pages"}],"about":[{"href":"http:\/\/2017.lv15.de\/index.php?rest_route=\/wp\/v2\/types\/page"}],"author":[{"embeddable":true,"href":"http:\/\/2017.lv15.de\/index.php?rest_route=\/wp\/v2\/users\/3"}],"replies":[{"embeddable":true,"href":"http:\/\/2017.lv15.de\/index.php?rest_route=%2Fwp%2Fv2%2Fcomments&post=216"}],"version-history":[{"count":10,"href":"http:\/\/2017.lv15.de\/index.php?rest_route=\/wp\/v2\/pages\/216\/revisions"}],"predecessor-version":[{"id":918,"href":"http:\/\/2017.lv15.de\/index.php?rest_route=\/wp\/v2\/pages\/216\/revisions\/918"}],"up":[{"embeddable":true,"href":"http:\/\/2017.lv15.de\/index.php?rest_route=\/wp\/v2\/pages\/129"}],"wp:attachment":[{"href":"http:\/\/2017.lv15.de\/index.php?rest_route=%2Fwp%2Fv2%2Fmedia&parent=216"}],"curies":[{"name":"wp","href":"https:\/\/api.w.org\/{rel}","templated":true}]}}