{"id":228,"date":"2017-05-19T22:24:56","date_gmt":"2017-05-19T20:24:56","guid":{"rendered":"http:\/\/2017.lv15.de\/?page_id=228"},"modified":"2022-01-16T12:12:13","modified_gmt":"2022-01-16T11:12:13","slug":"florenberg","status":"publish","type":"page","link":"http:\/\/2017.lv15.de\/?page_id=228","title":{"rendered":"Florenberg"},"content":{"rendered":"<p style=\"text-align: center;\"><img loading=\"lazy\" class=\"alignnone wp-image-169 size-full\" src=\"http:\/\/2017.lv15.de\/wp-content\/uploads\/2017\/05\/birds.gif\" alt=\"\" width=\"582\" height=\"47\" \/><\/p>\n<p><span style=\"color: #0000ff;\"><strong>Vereinsname<\/strong><\/span><b>:<\/b><\/p>\n<p><strong>Vogelschutz- und Vogelliebhaberverein &#8222;Florenberg&#8220; e.V<\/strong><b>.<\/b><\/p>\n<p><span style=\"color: #0000ff;\"><strong>Mitgliedsnummer im LV<\/strong><\/span><b>:<\/b><br \/>\n11<\/p>\n<p><span style=\"color: #0000ff;\"><strong>Vereinslokal<\/strong><\/span><b>:<\/b><\/p>\n<p><strong>Willi &#8211; M\u00fcller &#8211; Haus<\/strong> (Vereinshaus Vogelverein)<br \/>\nSt. Florian -Strasse<br \/>\n36093 Engelhelms<br \/>\n(unterhalb B\u00fcrgerhaus Engelhelms)<\/p>\n<p><span style=\"color: #0000ff;\"><strong>Ansprechpartner<\/strong><\/span><b>:<\/b><\/p>\n<p><strong>Adelheid M\u00fcller<\/strong><br \/>\nSteinbachstrasse 1<br \/>\n36093 K\u00fcnzell &#8211; Engelhelms<br \/>\nTelefon: 0661 \/ 20601422<br \/>\nTelefon:<br \/>\nEmail: vogelverein,florenberg (at)gmail,com \u00a0 (Bitte ersetzen Sie [at] durch das Zeichen @.)<\/p>\n<p><span style=\"color: #0000ff;\"><strong>Versammlungstermin<\/strong><\/span><b>:<\/b><\/p>\n<ul>\n<li>in der Regel jeden 1. Freitag im Monat<\/li>\n<\/ul>\n<p><span style=\"color: #0000ff;\"><strong>Zuchtrichtungen<\/strong><\/span><\/p>\n<ul>\n<li>Kanarien (Farben- und Positurkanarien)<\/li>\n<li>Mischlinge, Cardueliden, Einheimische<\/li>\n<li>Gro\u00dfsittiche<\/li>\n<li>Wellensittiche (Farben- und Schauwellensittiche)<\/li>\n<li>Exoten<\/li>\n<\/ul>\n<p><span style=\"color: #0000ff;\"><strong>Webseite \/ Email<\/strong><\/span><b>:<\/b><\/p>\n<ul>\n<li>offizielle Webseite des Vereins: <a href=\"http:\/\/vogelverein.blogspot.de\/\" target=\"_blank\" rel=\"noopener noreferrer\">klick hier<\/a><\/li>\n<li>Facebook: <a href=\"https:\/\/www.facebook.com\/florenberg\" target=\"_blank\" rel=\"noopener noreferrer\">klick hier<\/a><\/li>\n<li>Twitter: <a href=\"https:\/\/twitter.com\/vogelverein\" target=\"_blank\" rel=\"noopener noreferrer\">klick hier<\/a><\/li>\n<li>Email des Vereins: vogelverein[at]mail.de\u00a0\u00a0 (Bitte ersetzen Sie [at] durch das Zeichen @.)<\/li>\n<\/ul>\n<p><span style=\"color: #0000ff;\"><strong>Sonstige Informationen<\/strong><\/span><b>:<\/b><\/p>\n<ul>\n<li>Unser Gr\u00fcndungsjahr ist das Jahr 1974. In diesem Jahr schlossen wir uns auch dem Landesverband an.<\/li>\n<li>Aktiver Vogelschutz wird bei uns gro\u00df geschrieben. Der Verein betreut zum einen ein Biotop, zum anderen einen Vogelschutzlehrpfad. F\u00fchrungen durch den Vogellehrschutzpfad werden angeboten. Anmeldung beim Vogelschutzwart erforderlich.<\/li>\n<li>Es werden Mitgliedertreffen, Seniorentreffen, Versammlungen, und mehr angeboten. Interessierte Besucher sind zu einigen Veranstaltungen herzlich willkommen, werden jedoch gebeten, vorher Kontakt aufzunehmen.<\/li>\n<li>Regelm\u00e4ssige Vortr\u00e4ge rund um Vogelhaltung, Vogelzucht und mehr. Interessierte sind willkommen, werden jedoch gebeten, sich vorher anzumelden.<\/li>\n<li>Jeder, der sich f\u00fcr unser Hobby &#8211; Vogelzucht und Vogelschutz &#8211; interessiert, sei hiermit zu unseren Versammlungen im Willi-M\u00fcller-Haus (Vereinshau) am 1. Freitag im Monat eingeladen.<\/li>\n<\/ul>\n<p><span style=\"color: #0000ff;\"><strong>Download<\/strong><\/span><b>:<\/b><\/p>\n<ul>\n<li><a href=\"https:\/\/drive.google.com\/file\/d\/0BywL4AkdTeL6dW1NZzBzSUFCMFE\/view\" target=\"_blank\" rel=\"noopener noreferrer\">klick hier<\/a> &#8211; Infoblatt des Vereins<\/li>\n<li><a href=\"https:\/\/drive.google.com\/file\/d\/0BywL4AkdTeL6bERZUUhHZkw2aVk\/view\" target=\"_blank\" rel=\"noopener noreferrer\">klick hier<\/a> &#8211; Mitglied werden<\/li>\n<\/ul>\n<hr \/>\n<p><b>Stand: M\u00e4rz 2020<\/b><\/p>\n","protected":false},"excerpt":{"rendered":"<p>Vereinsname: Vogelschutz- und Vogelliebhaberverein &#8222;Florenberg&#8220; e.V. Mitgliedsnummer im LV: 11 Vereinslokal: Willi &#8211; M\u00fcller &#8211; Haus (Vereinshaus Vogelverein) St. Florian -Strasse 36093 Engelhelms (unterhalb B\u00fcrgerhaus Engelhelms) Ansprechpartner: Adelheid M\u00fcller Steinbachstrasse 1 36093 K\u00fcnzell &#8211; Engelhelms Telefon: 0661 \/ 20601422 Telefon: Email: vogelverein,florenberg (at)gmail,com \u00a0 (Bitte ersetzen Sie [at] durch das Zeichen @.) Versammlungstermin: in der Regel jeden 1. Freitag im<\/p>\n","protected":false},"author":3,"featured_media":0,"parent":129,"menu_order":7,"comment_status":"closed","ping_status":"closed","template":"","meta":[],"_links":{"self":[{"href":"http:\/\/2017.lv15.de\/index.php?rest_route=\/wp\/v2\/pages\/228"}],"collection":[{"href":"http:\/\/2017.lv15.de\/index.php?rest_route=\/wp\/v2\/pages"}],"about":[{"href":"http:\/\/2017.lv15.de\/index.php?rest_route=\/wp\/v2\/types\/page"}],"author":[{"embeddable":true,"href":"http:\/\/2017.lv15.de\/index.php?rest_route=\/wp\/v2\/users\/3"}],"replies":[{"embeddable":true,"href":"http:\/\/2017.lv15.de\/index.php?rest_route=%2Fwp%2Fv2%2Fcomments&post=228"}],"version-history":[{"count":7,"href":"http:\/\/2017.lv15.de\/index.php?rest_route=\/wp\/v2\/pages\/228\/revisions"}],"predecessor-version":[{"id":660,"href":"http:\/\/2017.lv15.de\/index.php?rest_route=\/wp\/v2\/pages\/228\/revisions\/660"}],"up":[{"embeddable":true,"href":"http:\/\/2017.lv15.de\/index.php?rest_route=\/wp\/v2\/pages\/129"}],"wp:attachment":[{"href":"http:\/\/2017.lv15.de\/index.php?rest_route=%2Fwp%2Fv2%2Fmedia&parent=228"}],"curies":[{"name":"wp","href":"https:\/\/api.w.org\/{rel}","templated":true}]}}