{"id":23,"date":"2017-05-19T14:37:09","date_gmt":"2017-05-19T12:37:09","guid":{"rendered":"http:\/\/2017.lv15.de\/?page_id=23"},"modified":"2017-05-19T17:42:50","modified_gmt":"2017-05-19T15:42:50","slug":"wappen","status":"publish","type":"page","link":"http:\/\/2017.lv15.de\/?page_id=23","title":{"rendered":"Wappen"},"content":{"rendered":"<p>Der LV15 verf\u00fcgt \u00fcber ein besonders sch\u00f6nes, aber auch aufwendiges Wappen.<\/p>\n<p>Es wurde in schwarz\/wei\u00df gezeichnet von dem ehemaligen 2ten Vorsitzenden, Herrn Franz Salfer.<\/p>\n<p>Sp\u00e4ter &#8211; in 1998 &#8211; wurde es von Nicole M\u00fcller in sehr vielen ehrenamtlichen Arbeitsstunden am Computer Pixel f\u00fcr Pixel coloriert. Hierzu mu\u00dfte man auch noch in Heraldikb\u00fcchern in einer Bibliothek nachschauen, dass auch nichts falsch wird. Lediglich im Vogelteil hatte man &#8222;freie Hand&#8220;.<\/p>\n<p>Das Wappen ist mit einer Kronenmauerzier gekr\u00f6hnt. Unterhalb der Kronenmauerzier f\u00fcttert ein Kanarienvogel seinen Nachwuchs. Unterhalb der F\u00fctterungsszene, die sicher f\u00fcr die Z\u00fcchter\/Innen als auch Vogelzucht und -schutz steht, befinden sich zwei Wappen, links das Wappen von Hessen und rechts das Waldeck&#8217;sche Wappen.<\/p>\n<p>Copyrighthinweis:<br \/>\n<em>Wir weisen darauf hin, dass ohne Genehmigung des gesch\u00e4ftsf\u00fchrenden Vorstandes und schriftlichem Antrag (unter Angabe des Verwendungszweckes) die Nutzung des Wappens strengstens untersagt ist.<\/em><\/p>\n","protected":false},"excerpt":{"rendered":"<p>Der LV15 verf\u00fcgt \u00fcber ein besonders sch\u00f6nes, aber auch aufwendiges Wappen. Es wurde in schwarz\/wei\u00df gezeichnet von dem ehemaligen 2ten Vorsitzenden, Herrn Franz Salfer. Sp\u00e4ter &#8211; in 1998 &#8211; wurde es von Nicole M\u00fcller in sehr vielen ehrenamtlichen Arbeitsstunden am Computer Pixel f\u00fcr Pixel coloriert. Hierzu mu\u00dfte man auch noch in Heraldikb\u00fcchern in einer Bibliothek nachschauen, dass auch nichts falsch<\/p>\n","protected":false},"author":3,"featured_media":0,"parent":125,"menu_order":2,"comment_status":"closed","ping_status":"closed","template":"","meta":[],"_links":{"self":[{"href":"http:\/\/2017.lv15.de\/index.php?rest_route=\/wp\/v2\/pages\/23"}],"collection":[{"href":"http:\/\/2017.lv15.de\/index.php?rest_route=\/wp\/v2\/pages"}],"about":[{"href":"http:\/\/2017.lv15.de\/index.php?rest_route=\/wp\/v2\/types\/page"}],"author":[{"embeddable":true,"href":"http:\/\/2017.lv15.de\/index.php?rest_route=\/wp\/v2\/users\/3"}],"replies":[{"embeddable":true,"href":"http:\/\/2017.lv15.de\/index.php?rest_route=%2Fwp%2Fv2%2Fcomments&post=23"}],"version-history":[{"count":1,"href":"http:\/\/2017.lv15.de\/index.php?rest_route=\/wp\/v2\/pages\/23\/revisions"}],"predecessor-version":[{"id":24,"href":"http:\/\/2017.lv15.de\/index.php?rest_route=\/wp\/v2\/pages\/23\/revisions\/24"}],"up":[{"embeddable":true,"href":"http:\/\/2017.lv15.de\/index.php?rest_route=\/wp\/v2\/pages\/125"}],"wp:attachment":[{"href":"http:\/\/2017.lv15.de\/index.php?rest_route=%2Fwp%2Fv2%2Fmedia&parent=23"}],"curies":[{"name":"wp","href":"https:\/\/api.w.org\/{rel}","templated":true}]}}