{"id":234,"date":"2017-05-19T22:26:48","date_gmt":"2017-05-19T20:26:48","guid":{"rendered":"http:\/\/2017.lv15.de\/?page_id=234"},"modified":"2017-05-24T20:28:04","modified_gmt":"2017-05-24T18:28:04","slug":"bebra","status":"publish","type":"page","link":"http:\/\/2017.lv15.de\/?page_id=234","title":{"rendered":"Bebra"},"content":{"rendered":"<p style=\"text-align: center;\"><img loading=\"lazy\" class=\"alignnone wp-image-169 size-full\" src=\"http:\/\/2017.lv15.de\/wp-content\/uploads\/2017\/05\/birds.gif\" alt=\"\" width=\"582\" height=\"47\" \/><\/p>\n<p><span style=\"color: #0000ff;\"><strong>Name<\/strong><\/span>:<br \/>\n<strong> Vogelzuchtverein Bebra und Umgebung<\/strong><\/p>\n<p><strong><span style=\"color: #0000ff;\">Gr\u00fcndungstag<\/span>:<\/strong><br \/>\n14.09.1977<\/p>\n<p><strong><span style=\"color: #0000ff;\">Zuchtrichtung<\/span>:<\/strong><\/p>\n<ul>\n<li>Farb-, Positur- und Gesangskanarien<\/li>\n<li>Mischlinge<\/li>\n<li>Cardueliden (Wildv\u00f6gel)<\/li>\n<li>Exoten<\/li>\n<li>Sittiche<\/li>\n<\/ul>\n<p><strong><span style=\"color: #0000ff;\">Vereinslokal<\/span>:<\/strong><br \/>\nGastst\u00e4tte Masis in Bebra\/Weiterode<\/p>\n<p><strong><span style=\"color: #0000ff;\">Versammlungstermin<\/span>:<\/strong><br \/>\nErster Freitag im Monat<\/p>\n<p><strong><span style=\"color: #0000ff;\">Vorstand<\/span>:<\/strong><\/p>\n<p>1. Vorsitzender:<br \/>\nGerfried Wei\u00df<br \/>\nAm B\u00fcnberg 6<br \/>\n36179 Bebra<br \/>\nTel.-Nr. +49 (0) 172-5623457<\/p>\n<p>2. Vorsitzende:<br \/>\nIngrid Ehlert<\/p>\n<p><strong><span style=\"color: #0000ff;\">Internet<\/span>:<\/strong><\/p>\n<ul>\n<li>Webseite: <a href=\"http:\/\/www.vogelzucht-bebra.de\/\">http:\/\/www.vogelzucht-bebra.de<\/a><\/li>\n<li>E-Mail: gweiss[at]vogelzucht-bebra.de<\/li>\n<\/ul>\n<p>&nbsp;<\/p>\n","protected":false},"excerpt":{"rendered":"<p>Name: Vogelzuchtverein Bebra und Umgebung Gr\u00fcndungstag: 14.09.1977 Zuchtrichtung: Farb-, Positur- und Gesangskanarien Mischlinge Cardueliden (Wildv\u00f6gel) Exoten Sittiche Vereinslokal: Gastst\u00e4tte Masis in Bebra\/Weiterode Versammlungstermin: Erster Freitag im Monat Vorstand: 1. Vorsitzender: Gerfried Wei\u00df Am B\u00fcnberg 6 36179 Bebra Tel.-Nr. +49 (0) 172-5623457 2. Vorsitzende: Ingrid Ehlert Internet: Webseite: http:\/\/www.vogelzucht-bebra.de E-Mail: gweiss[at]vogelzucht-bebra.de &nbsp;<\/p>\n","protected":false},"author":3,"featured_media":0,"parent":129,"menu_order":10,"comment_status":"closed","ping_status":"closed","template":"","meta":[],"_links":{"self":[{"href":"http:\/\/2017.lv15.de\/index.php?rest_route=\/wp\/v2\/pages\/234"}],"collection":[{"href":"http:\/\/2017.lv15.de\/index.php?rest_route=\/wp\/v2\/pages"}],"about":[{"href":"http:\/\/2017.lv15.de\/index.php?rest_route=\/wp\/v2\/types\/page"}],"author":[{"embeddable":true,"href":"http:\/\/2017.lv15.de\/index.php?rest_route=\/wp\/v2\/users\/3"}],"replies":[{"embeddable":true,"href":"http:\/\/2017.lv15.de\/index.php?rest_route=%2Fwp%2Fv2%2Fcomments&post=234"}],"version-history":[{"count":3,"href":"http:\/\/2017.lv15.de\/index.php?rest_route=\/wp\/v2\/pages\/234\/revisions"}],"predecessor-version":[{"id":308,"href":"http:\/\/2017.lv15.de\/index.php?rest_route=\/wp\/v2\/pages\/234\/revisions\/308"}],"up":[{"embeddable":true,"href":"http:\/\/2017.lv15.de\/index.php?rest_route=\/wp\/v2\/pages\/129"}],"wp:attachment":[{"href":"http:\/\/2017.lv15.de\/index.php?rest_route=%2Fwp%2Fv2%2Fmedia&parent=234"}],"curies":[{"name":"wp","href":"https:\/\/api.w.org\/{rel}","templated":true}]}}